{"id":5485,"date":"2022-06-07T12:41:22","date_gmt":"2022-06-07T10:41:22","guid":{"rendered":"https:\/\/serasturianu.com\/?page_id=5485"},"modified":"2022-06-07T12:41:27","modified_gmt":"2022-06-07T10:41:27","slug":"aviso-legal-2","status":"publish","type":"page","link":"https:\/\/serasturianu.com\/ast\/aviso-legal-2\/","title":{"rendered":"Aviso legal"},"content":{"rendered":"<h2 class=\"wp-block-heading\">Titularidad<\/h2>\n\n\n\n<p>En cumplimiento de lo dispuesto en el art\u00edculo 10 de la Ley 34\/2002, de 11 de julio, de Servicios de la Sociedad de la Informaci\u00f3n y de Comercio Electr\u00f3nico, se hace constar que estas p\u00e1ginas corresponden a Denis Soria Fern\u00e1ndez (a partir de ahora bajo el nombre comercial de<strong> Ser Asturianu<\/strong>), con DNI 50480223 F y domicilio social en Fozalguera 145, Llanera (Asturias, Espa\u00f1a). La informaci\u00f3n que se ofrece en este sitio est\u00e1 sujeta a un Aviso de Copyright, a una Cl\u00e1usula de exenci\u00f3n de responsabilidad y a las normas aplicables en materia de Protecci\u00f3n de Datos Personales.<\/p>\n\n\n\n<h2 class=\"wp-block-heading\">Aviso de Copyright<\/h2>\n\n\n\n<p><br><strong>\u00a9 Ser Asturianu, 2019.<\/strong><br><strong>Ser Asturianu<\/strong> por s\u00ed o como cesionaria, es titular de todos los derechos de propiedad intelectual e industrial de su p\u00e1gina web, as\u00ed como de los elementos contenidos en la misma (a t\u00edtulo enunciativo, im\u00e1genes, sonido, audio, v\u00eddeo, software o textos; marcas o logotipos, combinaciones de colores, estructura y dise\u00f1o, selecci\u00f3n de materiales usados, programas de ordenador necesarios para su funcionamiento, acceso y uso, etc.), titularidad de <strong>Ser Asturianu<\/strong> o bien de sus licenciantes. Todos los derechos reservados. En virtud de lo dispuesto en los art\u00edculos 8 y 32.1, p\u00e1rrafo segundo, de la Ley de Propiedad Intelectual, quedan expresamente prohibidas la reproducci\u00f3n, la distribuci\u00f3n y la comunicaci\u00f3n p\u00fablica, incluida su modalidad de puesta a disposici\u00f3n, de la totalidad o parte de los contenidos de esta p\u00e1gina web, con fines comerciales, en cualquier soporte y por cualquier medio t\u00e9cnico, sin la autorizaci\u00f3n de <strong>Ser Asturianu<\/strong>. El USUARIO se compromete a respetar los derechos de Propiedad Intelectual e Industrial titularidad de<strong> Ser Asturianu.<\/strong> Podr\u00e1 visualizar los elementos del portal e incluso imprimirlos, copiarlos y almacenarlos en el disco duro de su ordenador o en cualquier otro soporte f\u00edsico siempre y cuando sea, \u00fanica y exclusivamente, para su uso personal y privado. El USUARIO deber\u00e1 abstenerse de suprimir, alterar, eludir o manipular cualquier dispositivo de protecci\u00f3n o sistema de seguridad que estuviera instalado en el las p\u00e1ginas de <strong>Ser Asturianu.<\/strong><\/p>\n\n\n\n<h2 class=\"wp-block-heading\">Protecci\u00f3n de datos personales<\/h2>\n\n\n\n<p>SER ASTURIANU\u00ae cumple con las directrices de la Ley Org\u00e1nica 15\/1999 de 13 de diciembre de Protecci\u00f3n de Datos de Car\u00e1cter Personal, el Real Decreto 1720\/2007 de 21 de diciembre por el que se aprueba el Reglamento de desarrollo de la Ley Org\u00e1nica y dem\u00e1s normativa vigente en cada momento, y vela por garantizar un correcto uso y tratamiento de los datos personales del usuario. Para ello, junto a cada formulario de recabo de datos de car\u00e1cter personal, en los servicios que el usuario pueda solicitar a infoserasturianu@gmail.com, har\u00e1 saber al usuario de la existencia y aceptaci\u00f3n de las condiciones particulares del tratamiento de sus datos en cada caso, inform\u00e1ndole de la responsabilidad del fichero creado, la direcci\u00f3n del responsable, la posibilidad de ejercer sus derechos de acceso, rectificaci\u00f3n, cancelaci\u00f3n u oposici\u00f3n, la finalidad del tratamiento y las comunicaciones de datos a terceros en su caso.<\/p>\n\n\n\n<p>De manera general, el usuario que libremente indica su tel\u00e9fono m\u00f3vil de contacto y su correo electr\u00f3nico acepta que estos ser\u00e1n utilizados por la empresa para comunicarse con dichos usuarios para asuntos relacionados con la correcta prestaci\u00f3n de los servicios de SER ASTURIANU\u00ae as\u00ed como para comunicaciones concretas y puntuales sobre nuestra empresa, no siendo nunca dichos datos compartidos o vendidos a terceros con fines comerciales. Cualquier usuario es libre de ejercer su derecho de acceso, rectificaci\u00f3n, cancelaci\u00f3n y oposici\u00f3n, comunicando a infoserasturianu@gmail.com cualquiera de estas.<\/p>\n\n\n\n<p>Asimismo, SER ASTURIANU\u00ae informa que da cumplimiento a la Ley 34\/2002 de 11 de julio, de Servicios de la Sociedad de la Informaci\u00f3n y el Comercio Electr\u00f3nico y le solicitar\u00e1 su consentimiento al tratamiento de su correo electr\u00f3nico con fines comerciales en cada momento.<\/p>\n\n\n\n<h2 class=\"wp-block-heading\">Cl\u00e1usula de exenci\u00f3n de responsabilidad<\/h2>\n\n\n\n<p><br>El presente web site, desarrollado por <strong>Ser Asturianu<\/strong>, ofrece informaci\u00f3n diversa relacionada con la misma empresa, as\u00ed como del turismo asturiano en general. No obstante, <strong>Ser Asturianu<\/strong>, no asume responsabilidad alguna en relaci\u00f3n con la informaci\u00f3n incluida en estas p\u00e1ginas.<\/p>\n\n\n\n<p>Dicha informaci\u00f3n:<\/p>\n\n\n\n<ul class=\"wp-block-list\"><li>Es de car\u00e1cter general y no aborda circunstancias espec\u00edficas relativas a personas u organismos concretos.<\/li><li>No ofrece necesariamente informaci\u00f3n exhaustiva, completa, exacta o actualizada.<\/li><li>Contiene en algunas ocasiones enlaces con p\u00e1ginas externas sobre las que <strong>Ser Asturianu<\/strong>, no tiene control alguno y respecto de las cuales declina toda responsabilidad.<\/li><\/ul>\n\n\n\n<p><strong>Ser Asturianu<\/strong> no puede garantizar que un documento disponible en l\u00ednea reproduzca exactamente un texto adoptado oficialmente. Tanto en el caso de la legislaci\u00f3n publicada en los respectivos Boletines Oficiales, como en el caso del resto de las normas, resoluciones y sentencias, es el texto oficial impreso correspondiente el que prevalece en caso de divergencia con la versi\u00f3n electr\u00f3nica.<\/p>\n\n\n\n<p><br>Pretendemos reducir al m\u00ednimo los problemas ocasionados por errores de car\u00e1cter t\u00e9cnico. No obstante, algunos datos o informaciones contenidos en estas p\u00e1ginas pueden haber sido creados o estructurados en archivos o formatos no exentos de errores, por lo que no podemos garantizar que nuestro servicio no quede interrumpido o afectado de cualquier otra forma por tales problemas. <strong>Ser Asturianu<\/strong>, no asume responsabilidad alguna respecto de dichos problemas, que puedan resultar de la consulta de las presentes p\u00e1ginas.<\/p>\n\n\n\n<p><br>La presente cl\u00e1usula de exenci\u00f3n de responsabilidad no tiene por objeto limitar la responsabilidad de Ser Asturianu, de forma contraria a lo dispuesto por la normativa espa\u00f1ola aplicable, ni excluir su responsabilidad en los casos en los que, en virtud de dicha normativa, no pueda excluirse.<\/p>","protected":false},"excerpt":{"rendered":"<p>Titularidad En cumplimiento de lo dispuesto en el art\u00edculo 10 de la Ley 34\/2002, de 11 de julio, de Servicios de la Sociedad de la Informaci\u00f3n y de Comercio Electr\u00f3nico, se hace constar que estas p\u00e1ginas corresponden a Denis Soria &hellip; <a href=\"https:\/\/serasturianu.com\/ast\/aviso-legal-2\/\">Read More<\/a><\/p>","protected":false},"author":1,"featured_media":0,"parent":0,"menu_order":0,"comment_status":"closed","ping_status":"closed","template":"","meta":{"_monsterinsights_skip_tracking":false,"_monsterinsights_sitenote_active":false,"_monsterinsights_sitenote_note":"","_monsterinsights_sitenote_category":0,"footnotes":""},"class_list":["post-5485","page","type-page","status-publish","hentry"],"jetpack_sharing_enabled":true,"_links":{"self":[{"href":"https:\/\/serasturianu.com\/ast\/wp-json\/wp\/v2\/pages\/5485","targetHints":{"allow":["GET"]}}],"collection":[{"href":"https:\/\/serasturianu.com\/ast\/wp-json\/wp\/v2\/pages"}],"about":[{"href":"https:\/\/serasturianu.com\/ast\/wp-json\/wp\/v2\/types\/page"}],"author":[{"embeddable":true,"href":"https:\/\/serasturianu.com\/ast\/wp-json\/wp\/v2\/users\/1"}],"replies":[{"embeddable":true,"href":"https:\/\/serasturianu.com\/ast\/wp-json\/wp\/v2\/comments?post=5485"}],"version-history":[{"count":1,"href":"https:\/\/serasturianu.com\/ast\/wp-json\/wp\/v2\/pages\/5485\/revisions"}],"predecessor-version":[{"id":5486,"href":"https:\/\/serasturianu.com\/ast\/wp-json\/wp\/v2\/pages\/5485\/revisions\/5486"}],"wp:attachment":[{"href":"https:\/\/serasturianu.com\/ast\/wp-json\/wp\/v2\/media?parent=5485"}],"curies":[{"name":"wp","href":"https:\/\/api.w.org\/{rel}","templated":true}]}}