{"id":3066,"date":"2021-08-22T11:10:14","date_gmt":"2021-08-22T09:10:14","guid":{"rendered":"https:\/\/serasturianu.com\/?page_id=3066"},"modified":"2021-08-22T11:46:55","modified_gmt":"2021-08-22T09:46:55","slug":"politica-de-privacidad-2","status":"publish","type":"page","link":"https:\/\/serasturianu.com\/ast\/politica-de-privacidad-2\/","title":{"rendered":"Pol\u00edtica de privacidad"},"content":{"rendered":"<h2 style=\"text-align: justify;\">Protecci\u00f3n de datos personales<\/h2>\r\n<p style=\"text-align: justify;\"><span class=\"parrafo_info\">En Ser Asturianu, estamos comprometidos con el respeto a la intimidad del usuario y por eso nuestra pol\u00edtica de protecci\u00f3n de las personas en lo que respecta al tratamiento de sus datos personales, cumple con lo establecido en la legislaci\u00f3n espa\u00f1ola: Ley Org\u00e1nica de Protecci\u00f3n de Datos (LOPD).<br \/><\/span><\/p>\r\n<h2 style=\"text-align: justify;\"><span class=\"parrafo_info\">Navegaci\u00f3n an\u00f3nima a trav\u00e9s de las p\u00e1ginas del web site. <br \/><\/span><\/h2>\r\n<p style=\"text-align: justify;\"><span class=\"parrafo_info\">En este caso, Ser Asturianu, s\u00f3lo obtiene y conserva la siguiente informaci\u00f3n acerca de los visitantes del web site:<\/span><\/p>\r\n<ul>\r\n<li style=\"text-align: justify;\"><span class=\"parrafo_info\">El nombre de dominio del proveedor que les da acceso a la red. De esta manera podemos elaborar estad\u00edsticas sobre los pa\u00edses y servidores que visitan m\u00e1s a menudo nuestro web site. <\/span><\/li>\r\n<li style=\"text-align: justify;\"><span class=\"parrafo_info\">La fecha y la hora del acceso al web site. La direcci\u00f3n de Internet desde la que parti\u00f3 el link que dirige a este web site. <\/span><\/li>\r\n<li style=\"text-align: justify;\"><span class=\"parrafo_info\">El n\u00famero de visitantes diario de cada secci\u00f3n. <\/span><\/li>\r\n<\/ul>\r\n<p><span class=\"parrafo_info\">Dicha informaci\u00f3n es totalmente an\u00f3nima, y en ning\u00fan caso puede ser asociada a un usuario concreto e identificado.<br \/>Si desea aclarar alg\u00fan aspecto relacionado con la pol\u00edtica de Ser Asturianu, en relaci\u00f3n a los usuarios que visitan nuestro web, no dude en comunicarse con nosotros a trav\u00e9s del correo <strong>infoserasturianu@gmail.com<\/strong><br \/><br \/><\/span><\/p>\r\n<h2>Pol\u00edtica de cookies<\/h2>\r\n<p style=\"text-align: justify;\"><span id=\"ctl00_ContentPlaceHolder1_info_seccion_sin_menu1_LbContenidoNoticia\"><span class=\"parrafo_info\">Nuestra web utiliza cookies. Una \u00abgalleta inform\u00e1tica\u00bb es un peque\u00f1o fragmento de texto, un peque\u00f1o archivo que se almacena en el ordenador del usuario y nos permite reconocerle. El conjunto de \u00abcookies\u00bb nos ayuda a mejorar la calidad de nuestra web, permiti\u00e9ndonos controlar qu\u00e9 p\u00e1ginas encuentran nuestros usuarios \u00fatiles y cu\u00e1les no. Las cookies son esenciales para el funcionamiento de internet, aportando innumerables ventajas en la prestaci\u00f3n de servicios interactivos, facilit\u00e1ndole la navegaci\u00f3n y usabilidad de nuestra web. Tenga en cuenta que las cookies no pueden da\u00f1ar su equipo y que, a cambio, el que est\u00e9n activadas nos ayudan a identificar y resolver los errores. A pesar de ello usted puede inhabilitar el uso de las cookies desde la configuraci\u00f3n de su navegador de internet o puede establecer ciertas pol\u00edticas que permitan activar un modo privado mediante el cual las cookies se borran siempre despu\u00e9s de su visita.<\/span><\/span><\/p>","protected":false},"excerpt":{"rendered":"<p>Protecci\u00f3n de datos personales En Ser Asturianu, estamos comprometidos con el respeto a la intimidad del usuario y por eso nuestra pol\u00edtica de protecci\u00f3n de las personas en lo que respecta al tratamiento de sus datos personales, cumple con lo &hellip; <a href=\"https:\/\/serasturianu.com\/ast\/politica-de-privacidad-2\/\">Read More<\/a><\/p>","protected":false},"author":1,"featured_media":0,"parent":0,"menu_order":0,"comment_status":"closed","ping_status":"closed","template":"","meta":{"_monsterinsights_skip_tracking":false,"_monsterinsights_sitenote_active":false,"_monsterinsights_sitenote_note":"","_monsterinsights_sitenote_category":0,"footnotes":""},"class_list":["post-3066","page","type-page","status-publish","hentry"],"jetpack_sharing_enabled":true,"_links":{"self":[{"href":"https:\/\/serasturianu.com\/ast\/wp-json\/wp\/v2\/pages\/3066","targetHints":{"allow":["GET"]}}],"collection":[{"href":"https:\/\/serasturianu.com\/ast\/wp-json\/wp\/v2\/pages"}],"about":[{"href":"https:\/\/serasturianu.com\/ast\/wp-json\/wp\/v2\/types\/page"}],"author":[{"embeddable":true,"href":"https:\/\/serasturianu.com\/ast\/wp-json\/wp\/v2\/users\/1"}],"replies":[{"embeddable":true,"href":"https:\/\/serasturianu.com\/ast\/wp-json\/wp\/v2\/comments?post=3066"}],"version-history":[{"count":5,"href":"https:\/\/serasturianu.com\/ast\/wp-json\/wp\/v2\/pages\/3066\/revisions"}],"predecessor-version":[{"id":5482,"href":"https:\/\/serasturianu.com\/ast\/wp-json\/wp\/v2\/pages\/3066\/revisions\/5482"}],"wp:attachment":[{"href":"https:\/\/serasturianu.com\/ast\/wp-json\/wp\/v2\/media?parent=3066"}],"curies":[{"name":"wp","href":"https:\/\/api.w.org\/{rel}","templated":true}]}}